{"id":8815,"date":"2025-07-03T19:03:34","date_gmt":"2025-07-03T19:03:34","guid":{"rendered":"https:\/\/ingomaconsultingroup.com\/?page_id=8815"},"modified":"2026-01-20T12:34:56","modified_gmt":"2026-01-20T12:34:56","slug":"recrutement","status":"publish","type":"page","link":"https:\/\/ingomaconsultingroup.com\/en\/recrutement\/","title":{"rendered":"Recrutement"},"content":{"rendered":"<div data-elementor-type=\"wp-page\" data-elementor-id=\"8815\" class=\"elementor elementor-8815\">\n\t\t\t\t\t\t<section class=\"elementor-section elementor-top-section elementor-element elementor-element-789dc9f elementor-section-stretched elementor-section-height-min-height elementor-section-boxed elementor-section-height-default elementor-section-items-middle\" data-id=\"789dc9f\" data-element_type=\"section\" data-settings=\"{&quot;stretch_section&quot;:&quot;section-stretched&quot;,&quot;background_background&quot;:&quot;classic&quot;}\">\n\t\t\t\t\t\t<div class=\"elementor-container elementor-column-gap-extended\">\n\t\t\t\t\t<div class=\"elementor-column elementor-col-100 elementor-top-column elementor-element elementor-element-f47ce62\" data-id=\"f47ce62\" data-element_type=\"column\">\n\t\t\t<div class=\"elementor-widget-wrap elementor-element-populated\">\n\t\t\t\t\t\t<div class=\"elementor-element elementor-element-7c7fb952 elementor-widget elementor-widget-heading\" data-id=\"7c7fb952\" data-element_type=\"widget\" data-widget_type=\"heading.default\">\n\t\t\t\t<div class=\"elementor-widget-container\">\n\t\t\t\t\t<h2 class=\"elementor-heading-title elementor-size-default\">Recrutment rigoureux et performant grace a notre expertise et a notre r\u00e9seaux de consultants<\/h2>\t\t\t\t<\/div>\n\t\t\t\t<\/div>\n\t\t\t\t\t<\/div>\n\t\t<\/div>\n\t\t\t\t\t<\/div>\n\t\t<\/section>\n\t\t\t\t<section class=\"elementor-section elementor-top-section elementor-element elementor-element-11af7522 elementor-section-stretched elementor-section-boxed elementor-section-height-default elementor-section-height-default\" data-id=\"11af7522\" data-element_type=\"section\" data-settings=\"{&quot;stretch_section&quot;:&quot;section-stretched&quot;}\">\n\t\t\t\t\t\t<div class=\"elementor-container elementor-column-gap-extended\">\n\t\t\t\t\t<div class=\"elementor-column elementor-col-100 elementor-top-column elementor-element elementor-element-682eae3c\" data-id=\"682eae3c\" data-element_type=\"column\">\n\t\t\t<div class=\"elementor-widget-wrap\">\n\t\t\t\t\t\t\t<\/div>\n\t\t<\/div>\n\t\t\t\t\t<\/div>\n\t\t<\/section>\n\t\t\t\t<section class=\"elementor-section elementor-top-section elementor-element elementor-element-709418b4 elementor-section-stretched elementor-section-content-middle elementor-section-boxed elementor-section-height-default elementor-section-height-default elementor-invisible\" data-id=\"709418b4\" data-element_type=\"section\" data-settings=\"{&quot;stretch_section&quot;:&quot;section-stretched&quot;,&quot;animation&quot;:&quot;slide-up&quot;}\">\n\t\t\t\t\t\t<div class=\"elementor-container elementor-column-gap-extended\">\n\t\t\t\t\t<div class=\"elementor-column elementor-col-100 elementor-top-column elementor-element elementor-element-40621348\" data-id=\"40621348\" data-element_type=\"column\">\n\t\t\t<div class=\"elementor-widget-wrap elementor-element-populated\">\n\t\t\t\t\t\t<div class=\"elementor-element elementor-element-3f013265 elementor-widget elementor-widget-heading\" data-id=\"3f013265\" data-element_type=\"widget\" data-widget_type=\"heading.default\">\n\t\t\t\t<div class=\"elementor-widget-container\">\n\t\t\t\t\t<h2 class=\"elementor-heading-title elementor-size-default\">Tailor-made recruitment process<\/h2>\t\t\t\t<\/div>\n\t\t\t\t<\/div>\n\t\t\t\t\t<\/div>\n\t\t<\/div>\n\t\t\t\t\t<\/div>\n\t\t<\/section>\n\t\t\t\t<section class=\"elementor-section elementor-top-section elementor-element elementor-element-a825858 elementor-section-stretched elementor-section-content-space-between elementor-section-boxed elementor-section-height-default elementor-section-height-default elementor-invisible\" data-id=\"a825858\" data-element_type=\"section\" data-settings=\"{&quot;stretch_section&quot;:&quot;section-stretched&quot;,&quot;animation&quot;:&quot;slide-up&quot;}\">\n\t\t\t\t\t\t<div class=\"elementor-container elementor-column-gap-extended\">\n\t\t\t\t\t<div class=\"elementor-column elementor-col-50 elementor-top-column elementor-element elementor-element-bda322a\" data-id=\"bda322a\" data-element_type=\"column\">\n\t\t\t<div class=\"elementor-widget-wrap elementor-element-populated\">\n\t\t\t\t\t\t<div class=\"elementor-element elementor-element-46f966e elementor-position-top elementor-widget elementor-widget-image-box\" data-id=\"46f966e\" data-element_type=\"widget\" data-widget_type=\"image-box.default\">\n\t\t\t\t<div class=\"elementor-widget-container\">\n\t\t\t\t\t<div class=\"elementor-image-box-wrapper\"><figure class=\"elementor-image-box-img\"><img fetchpriority=\"high\" decoding=\"async\" width=\"1920\" height=\"1280\" src=\"https:\/\/ingomaconsultingroup.com\/wp-content\/uploads\/2025\/08\/pexels-n-voitkevich-7172830.jpg\" class=\"attachment-full size-full wp-image-9103\" alt=\"\" srcset=\"https:\/\/ingomaconsultingroup.com\/wp-content\/uploads\/2025\/08\/pexels-n-voitkevich-7172830.jpg 1920w, https:\/\/ingomaconsultingroup.com\/wp-content\/uploads\/2025\/08\/pexels-n-voitkevich-7172830-300x200.jpg 300w, https:\/\/ingomaconsultingroup.com\/wp-content\/uploads\/2025\/08\/pexels-n-voitkevich-7172830-1024x683.jpg 1024w, https:\/\/ingomaconsultingroup.com\/wp-content\/uploads\/2025\/08\/pexels-n-voitkevich-7172830-768x512.jpg 768w, https:\/\/ingomaconsultingroup.com\/wp-content\/uploads\/2025\/08\/pexels-n-voitkevich-7172830-1536x1024.jpg 1536w, https:\/\/ingomaconsultingroup.com\/wp-content\/uploads\/2025\/08\/pexels-n-voitkevich-7172830-600x400.jpg 600w\" sizes=\"(max-width: 1920px) 100vw, 1920px\" \/><\/figure><div class=\"elementor-image-box-content\"><h3 class=\"elementor-image-box-title\">Needs analysis<\/h3><p class=\"elementor-image-box-description\">We assess your requirements to define the ideal candidate profile.<\/p><\/div><\/div>\t\t\t\t<\/div>\n\t\t\t\t<\/div>\n\t\t\t\t<div class=\"elementor-element elementor-element-7243254 elementor-align-center elementor-widget elementor-widget-button\" data-id=\"7243254\" data-element_type=\"widget\" data-widget_type=\"button.default\">\n\t\t\t\t<div class=\"elementor-widget-container\">\n\t\t\t\t\t\t\t\t\t<div class=\"elementor-button-wrapper\">\n\t\t\t\t\t<a class=\"elementor-button elementor-button-link elementor-size-md\" href=\"\/en\/contact\/\">\n\t\t\t\t\t\t<span class=\"elementor-button-content-wrapper\">\n\t\t\t\t\t\t\t\t\t<span class=\"elementor-button-text\">Learn more<\/span>\n\t\t\t\t\t<\/span>\n\t\t\t\t\t<\/a>\n\t\t\t\t<\/div>\n\t\t\t\t\t\t\t\t<\/div>\n\t\t\t\t<\/div>\n\t\t\t\t\t<\/div>\n\t\t<\/div>\n\t\t\t\t<div class=\"elementor-column elementor-col-50 elementor-top-column elementor-element elementor-element-f28e05e\" data-id=\"f28e05e\" data-element_type=\"column\">\n\t\t\t<div class=\"elementor-widget-wrap elementor-element-populated\">\n\t\t\t\t\t\t<div class=\"elementor-element elementor-element-29706d9 elementor-position-top elementor-widget elementor-widget-image-box\" data-id=\"29706d9\" data-element_type=\"widget\" data-widget_type=\"image-box.default\">\n\t\t\t\t<div class=\"elementor-widget-container\">\n\t\t\t\t\t<div class=\"elementor-image-box-wrapper\"><figure class=\"elementor-image-box-img\"><img decoding=\"async\" width=\"1920\" height=\"1280\" src=\"https:\/\/ingomaconsultingroup.com\/wp-content\/uploads\/2025\/08\/pexels-tara-winstead-8850706.jpg\" class=\"attachment-full size-full wp-image-9104\" alt=\"\" srcset=\"https:\/\/ingomaconsultingroup.com\/wp-content\/uploads\/2025\/08\/pexels-tara-winstead-8850706.jpg 1920w, https:\/\/ingomaconsultingroup.com\/wp-content\/uploads\/2025\/08\/pexels-tara-winstead-8850706-300x200.jpg 300w, https:\/\/ingomaconsultingroup.com\/wp-content\/uploads\/2025\/08\/pexels-tara-winstead-8850706-1024x683.jpg 1024w, https:\/\/ingomaconsultingroup.com\/wp-content\/uploads\/2025\/08\/pexels-tara-winstead-8850706-768x512.jpg 768w, https:\/\/ingomaconsultingroup.com\/wp-content\/uploads\/2025\/08\/pexels-tara-winstead-8850706-1536x1024.jpg 1536w, https:\/\/ingomaconsultingroup.com\/wp-content\/uploads\/2025\/08\/pexels-tara-winstead-8850706-600x400.jpg 600w\" sizes=\"(max-width: 1920px) 100vw, 1920px\" \/><\/figure><div class=\"elementor-image-box-content\"><h3 class=\"elementor-image-box-title\">Rigorous selection<\/h3><p class=\"elementor-image-box-description\">We conduct in-depth interviews to ensure the quality of candidates.<\/p><\/div><\/div>\t\t\t\t<\/div>\n\t\t\t\t<\/div>\n\t\t\t\t<div class=\"elementor-element elementor-element-662a9b6 elementor-align-center elementor-widget elementor-widget-button\" data-id=\"662a9b6\" data-element_type=\"widget\" data-widget_type=\"button.default\">\n\t\t\t\t<div class=\"elementor-widget-container\">\n\t\t\t\t\t\t\t\t\t<div class=\"elementor-button-wrapper\">\n\t\t\t\t\t<a class=\"elementor-button elementor-button-link elementor-size-md\" href=\"\/en\/contact\/\">\n\t\t\t\t\t\t<span class=\"elementor-button-content-wrapper\">\n\t\t\t\t\t\t\t\t\t<span class=\"elementor-button-text\">Learn More<\/span>\n\t\t\t\t\t<\/span>\n\t\t\t\t\t<\/a>\n\t\t\t\t<\/div>\n\t\t\t\t\t\t\t\t<\/div>\n\t\t\t\t<\/div>\n\t\t\t\t\t<\/div>\n\t\t<\/div>\n\t\t\t\t\t<\/div>\n\t\t<\/section>\n\t\t\t\t<section class=\"elementor-section elementor-top-section elementor-element elementor-element-49b468a1 elementor-section-stretched elementor-section-content-middle elementor-section-boxed elementor-section-height-default elementor-section-height-default elementor-invisible\" data-id=\"49b468a1\" data-element_type=\"section\" data-settings=\"{&quot;stretch_section&quot;:&quot;section-stretched&quot;,&quot;animation&quot;:&quot;slide-up&quot;}\">\n\t\t\t\t\t\t<div class=\"elementor-container elementor-column-gap-extended\">\n\t\t\t\t\t<div class=\"elementor-column elementor-col-50 elementor-top-column elementor-element elementor-element-4cdf677b\" data-id=\"4cdf677b\" data-element_type=\"column\">\n\t\t\t<div class=\"elementor-widget-wrap elementor-element-populated\">\n\t\t\t\t\t\t<div class=\"elementor-element elementor-element-6c15566a elementor-widget elementor-widget-heading\" data-id=\"6c15566a\" data-element_type=\"widget\" data-widget_type=\"heading.default\">\n\t\t\t\t<div class=\"elementor-widget-container\">\n\t\t\t\t\t<h2 class=\"elementor-heading-title elementor-size-default\">Our Compliance Expertise <br>\nlegal<\/h2>\t\t\t\t<\/div>\n\t\t\t\t<\/div>\n\t\t\t\t<div class=\"elementor-element elementor-element-142394ae elementor-widget elementor-widget-text-editor\" data-id=\"142394ae\" data-element_type=\"widget\" data-widget_type=\"text-editor.default\">\n\t\t\t\t<div class=\"elementor-widget-container\">\n\t\t\t\t\t\t\t\t\t<p>At Ingoma Consulting Group, we ensure that every recruitment process complies with applicable laws and regulations. Our team of experts ensures your company is always compliant, minimizing legal risks.<\/p>\t\t\t\t\t\t\t\t<\/div>\n\t\t\t\t<\/div>\n\t\t\t\t<div class=\"elementor-element elementor-element-618081c5 elementor-widget elementor-widget-button\" data-id=\"618081c5\" data-element_type=\"widget\" data-widget_type=\"button.default\">\n\t\t\t\t<div class=\"elementor-widget-container\">\n\t\t\t\t\t\t\t\t\t<div class=\"elementor-button-wrapper\">\n\t\t\t\t\t<a class=\"elementor-button elementor-button-link elementor-size-md\" href=\"\/en\/contact\/\">\n\t\t\t\t\t\t<span class=\"elementor-button-content-wrapper\">\n\t\t\t\t\t\t\t\t\t<span class=\"elementor-button-text\">Learn More<\/span>\n\t\t\t\t\t<\/span>\n\t\t\t\t\t<\/a>\n\t\t\t\t<\/div>\n\t\t\t\t\t\t\t\t<\/div>\n\t\t\t\t<\/div>\n\t\t\t\t\t<\/div>\n\t\t<\/div>\n\t\t\t\t<div class=\"elementor-column elementor-col-50 elementor-top-column elementor-element elementor-element-b28e95c\" data-id=\"b28e95c\" data-element_type=\"column\">\n\t\t\t<div class=\"elementor-widget-wrap elementor-element-populated\">\n\t\t\t\t\t\t<div class=\"elementor-element elementor-element-4707d9fc elementor-widget elementor-widget-image\" data-id=\"4707d9fc\" data-element_type=\"widget\" data-widget_type=\"image.default\">\n\t\t\t\t<div class=\"elementor-widget-container\">\n\t\t\t\t\t\t\t\t\t\t\t\t\t\t\t<img decoding=\"async\" width=\"2560\" height=\"1709\" src=\"https:\/\/ingomaconsultingroup.com\/wp-content\/uploads\/2025\/07\/businesswoman-executive-professional-success-concept-scaled.jpg\" class=\"attachment-full size-full wp-image-8905\" alt=\"\" srcset=\"https:\/\/ingomaconsultingroup.com\/wp-content\/uploads\/2025\/07\/businesswoman-executive-professional-success-concept-scaled.jpg 2560w, https:\/\/ingomaconsultingroup.com\/wp-content\/uploads\/2025\/07\/businesswoman-executive-professional-success-concept-300x200.jpg 300w, https:\/\/ingomaconsultingroup.com\/wp-content\/uploads\/2025\/07\/businesswoman-executive-professional-success-concept-1024x683.jpg 1024w, https:\/\/ingomaconsultingroup.com\/wp-content\/uploads\/2025\/07\/businesswoman-executive-professional-success-concept-768x513.jpg 768w, https:\/\/ingomaconsultingroup.com\/wp-content\/uploads\/2025\/07\/businesswoman-executive-professional-success-concept-1536x1025.jpg 1536w, https:\/\/ingomaconsultingroup.com\/wp-content\/uploads\/2025\/07\/businesswoman-executive-professional-success-concept-2048x1367.jpg 2048w, https:\/\/ingomaconsultingroup.com\/wp-content\/uploads\/2025\/07\/businesswoman-executive-professional-success-concept-600x400.jpg 600w\" sizes=\"(max-width: 2560px) 100vw, 2560px\" \/>\t\t\t\t\t\t\t\t\t\t\t\t\t\t\t<\/div>\n\t\t\t\t<\/div>\n\t\t\t\t\t<\/div>\n\t\t<\/div>\n\t\t\t\t\t<\/div>\n\t\t<\/section>\n\t\t\t\t<section class=\"elementor-section elementor-top-section elementor-element elementor-element-c113c05 elementor-section-stretched elementor-section-height-min-height elementor-section-boxed elementor-section-height-default elementor-section-items-middle\" data-id=\"c113c05\" data-element_type=\"section\" data-settings=\"{&quot;stretch_section&quot;:&quot;section-stretched&quot;,&quot;background_background&quot;:&quot;classic&quot;}\">\n\t\t\t\t\t\t<div class=\"elementor-container elementor-column-gap-extended\">\n\t\t\t\t\t<div class=\"elementor-column elementor-col-100 elementor-top-column elementor-element elementor-element-8cea3b4\" data-id=\"8cea3b4\" data-element_type=\"column\">\n\t\t\t<div class=\"elementor-widget-wrap elementor-element-populated\">\n\t\t\t\t\t\t<div class=\"elementor-element elementor-element-7dd08c1 elementor-widget elementor-widget-heading\" data-id=\"7dd08c1\" data-element_type=\"widget\" data-widget_type=\"heading.default\">\n\t\t\t\t<div class=\"elementor-widget-container\">\n\t\t\t\t\t<h2 class=\"elementor-heading-title elementor-size-default\">Discover how our recruitment expertise can transform your business and drive your growth.<\/h2>\t\t\t\t<\/div>\n\t\t\t\t<\/div>\n\t\t\t\t<div class=\"elementor-element elementor-element-670a40a elementor-align-center elementor-widget elementor-widget-button\" data-id=\"670a40a\" data-element_type=\"widget\" data-widget_type=\"button.default\">\n\t\t\t\t<div class=\"elementor-widget-container\">\n\t\t\t\t\t\t\t\t\t<div class=\"elementor-button-wrapper\">\n\t\t\t\t\t<a class=\"elementor-button elementor-button-link elementor-size-sm\" href=\"#\">\n\t\t\t\t\t\t<span class=\"elementor-button-content-wrapper\">\n\t\t\t\t\t\t\t\t\t<span class=\"elementor-button-text\">Ask<\/span>\n\t\t\t\t\t<\/span>\n\t\t\t\t\t<\/a>\n\t\t\t\t<\/div>\n\t\t\t\t\t\t\t\t<\/div>\n\t\t\t\t<\/div>\n\t\t\t\t\t<\/div>\n\t\t<\/div>\n\t\t\t\t\t<\/div>\n\t\t<\/section>\n\t\t\t\t<\/div>","protected":false},"excerpt":{"rendered":"<p>Recrutment rigoureux et performant grace a notre expertise et a notre r\u00e9seaux de consultants Processus de recrutement sur mesure Analyse des besoins Nous \u00e9valuons vos exigences pour d\u00e9finir le profil id\u00e9al des candidats. En savoir plus S\u00e9lection rigoureuse Nous effectuons des entretiens approfondis pour garantir la qualit\u00e9 des candidats. En savior plus Notre Expertise en [&hellip;]<\/p>","protected":false},"author":1,"featured_media":0,"parent":0,"menu_order":0,"comment_status":"closed","ping_status":"closed","template":"","meta":{"pagelayer_contact_templates":[],"_pagelayer_content":"","footnotes":""},"class_list":["post-8815","page","type-page","status-publish","hentry"],"_links":{"self":[{"href":"https:\/\/ingomaconsultingroup.com\/en\/wp-json\/wp\/v2\/pages\/8815","targetHints":{"allow":["GET"]}}],"collection":[{"href":"https:\/\/ingomaconsultingroup.com\/en\/wp-json\/wp\/v2\/pages"}],"about":[{"href":"https:\/\/ingomaconsultingroup.com\/en\/wp-json\/wp\/v2\/types\/page"}],"author":[{"embeddable":true,"href":"https:\/\/ingomaconsultingroup.com\/en\/wp-json\/wp\/v2\/users\/1"}],"replies":[{"embeddable":true,"href":"https:\/\/ingomaconsultingroup.com\/en\/wp-json\/wp\/v2\/comments?post=8815"}],"version-history":[{"count":67,"href":"https:\/\/ingomaconsultingroup.com\/en\/wp-json\/wp\/v2\/pages\/8815\/revisions"}],"predecessor-version":[{"id":9593,"href":"https:\/\/ingomaconsultingroup.com\/en\/wp-json\/wp\/v2\/pages\/8815\/revisions\/9593"}],"wp:attachment":[{"href":"https:\/\/ingomaconsultingroup.com\/en\/wp-json\/wp\/v2\/media?parent=8815"}],"curies":[{"name":"wp","href":"https:\/\/api.w.org\/{rel}","templated":true}]}}