{"id":8817,"date":"2025-07-03T19:04:10","date_gmt":"2025-07-03T19:04:10","guid":{"rendered":"https:\/\/ingomaconsultingroup.com\/?page_id=8817"},"modified":"2026-01-20T13:01:18","modified_gmt":"2026-01-20T13:01:18","slug":"formation","status":"publish","type":"page","link":"https:\/\/ingomaconsultingroup.com\/en\/formation\/","title":{"rendered":"Formation"},"content":{"rendered":"<div data-elementor-type=\"wp-page\" data-elementor-id=\"8817\" class=\"elementor elementor-8817\">\n\t\t\t\t\t\t<section class=\"elementor-section elementor-top-section elementor-element elementor-element-64e5d1c5 elementor-section-stretched elementor-section-boxed elementor-section-height-default elementor-section-height-default\" data-id=\"64e5d1c5\" data-element_type=\"section\" data-settings=\"{&quot;stretch_section&quot;:&quot;section-stretched&quot;}\">\n\t\t\t\t\t\t<div class=\"elementor-container elementor-column-gap-extended\">\n\t\t\t\t\t<div class=\"elementor-column elementor-col-100 elementor-top-column elementor-element elementor-element-8ec01a6\" data-id=\"8ec01a6\" data-element_type=\"column\">\n\t\t\t<div class=\"elementor-widget-wrap\">\n\t\t\t\t\t\t\t<\/div>\n\t\t<\/div>\n\t\t\t\t\t<\/div>\n\t\t<\/section>\n\t\t\t\t<section class=\"elementor-section elementor-top-section elementor-element elementor-element-b6c2178 elementor-section-stretched elementor-section-content-middle elementor-section-boxed elementor-section-height-default elementor-section-height-default elementor-invisible\" data-id=\"b6c2178\" data-element_type=\"section\" data-settings=\"{&quot;stretch_section&quot;:&quot;section-stretched&quot;,&quot;animation&quot;:&quot;slide-up&quot;}\">\n\t\t\t\t\t\t<div class=\"elementor-container elementor-column-gap-extended\">\n\t\t\t\t\t<div class=\"elementor-column elementor-col-50 elementor-top-column elementor-element elementor-element-6bcdeee9\" data-id=\"6bcdeee9\" data-element_type=\"column\">\n\t\t\t<div class=\"elementor-widget-wrap elementor-element-populated\">\n\t\t\t\t\t\t<div class=\"elementor-element elementor-element-e3fbd50 elementor-widget elementor-widget-heading\" data-id=\"e3fbd50\" data-element_type=\"widget\" data-widget_type=\"heading.default\">\n\t\t\t\t<div class=\"elementor-widget-container\">\n\t\t\t\t\t<h2 class=\"elementor-heading-title elementor-size-default\">Discover our training courses and <br> team building activities<\/h2>\t\t\t\t<\/div>\n\t\t\t\t<\/div>\n\t\t\t\t\t<\/div>\n\t\t<\/div>\n\t\t\t\t<div class=\"elementor-column elementor-col-50 elementor-top-column elementor-element elementor-element-1c3d110\" data-id=\"1c3d110\" data-element_type=\"column\">\n\t\t\t<div class=\"elementor-widget-wrap elementor-element-populated\">\n\t\t\t\t\t\t\t<\/div>\n\t\t<\/div>\n\t\t\t\t\t<\/div>\n\t\t<\/section>\n\t\t\t\t<section class=\"elementor-section elementor-top-section elementor-element elementor-element-10ab8023 elementor-section-stretched elementor-section-content-middle elementor-section-boxed elementor-section-height-default elementor-section-height-default elementor-invisible\" data-id=\"10ab8023\" data-element_type=\"section\" data-settings=\"{&quot;stretch_section&quot;:&quot;section-stretched&quot;,&quot;animation&quot;:&quot;slide-up&quot;}\">\n\t\t\t\t\t\t<div class=\"elementor-container elementor-column-gap-extended\">\n\t\t\t\t\t<div class=\"elementor-column elementor-col-33 elementor-top-column elementor-element elementor-element-53d93d2c\" data-id=\"53d93d2c\" data-element_type=\"column\">\n\t\t\t<div class=\"elementor-widget-wrap elementor-element-populated\">\n\t\t\t\t\t\t<div class=\"elementor-element elementor-element-522c8440 elementor-position-top elementor-widget elementor-widget-image-box\" data-id=\"522c8440\" data-element_type=\"widget\" data-widget_type=\"image-box.default\">\n\t\t\t\t<div class=\"elementor-widget-container\">\n\t\t\t\t\t<div class=\"elementor-image-box-wrapper\"><figure class=\"elementor-image-box-img\"><img fetchpriority=\"high\" decoding=\"async\" width=\"2560\" height=\"1706\" src=\"https:\/\/ingomaconsultingroup.com\/wp-content\/uploads\/2025\/08\/pexels-diva-plavalaguna-6150527-scaled.jpg\" class=\"attachment-full size-full wp-image-9108\" alt=\"\" srcset=\"https:\/\/ingomaconsultingroup.com\/wp-content\/uploads\/2025\/08\/pexels-diva-plavalaguna-6150527-scaled.jpg 2560w, https:\/\/ingomaconsultingroup.com\/wp-content\/uploads\/2025\/08\/pexels-diva-plavalaguna-6150527-300x200.jpg 300w, https:\/\/ingomaconsultingroup.com\/wp-content\/uploads\/2025\/08\/pexels-diva-plavalaguna-6150527-1024x683.jpg 1024w, https:\/\/ingomaconsultingroup.com\/wp-content\/uploads\/2025\/08\/pexels-diva-plavalaguna-6150527-768x512.jpg 768w, https:\/\/ingomaconsultingroup.com\/wp-content\/uploads\/2025\/08\/pexels-diva-plavalaguna-6150527-1536x1024.jpg 1536w, https:\/\/ingomaconsultingroup.com\/wp-content\/uploads\/2025\/08\/pexels-diva-plavalaguna-6150527-2048x1365.jpg 2048w, https:\/\/ingomaconsultingroup.com\/wp-content\/uploads\/2025\/08\/pexels-diva-plavalaguna-6150527-600x400.jpg 600w\" sizes=\"(max-width: 2560px) 100vw, 2560px\" \/><\/figure><div class=\"elementor-image-box-content\"><h3 class=\"elementor-image-box-title\">Training and Capacity Building<\/h3><p class=\"elementor-image-box-description\">Strengthen your employees' skills with our sessions.<\/p><\/div><\/div>\t\t\t\t<\/div>\n\t\t\t\t<\/div>\n\t\t\t\t\t<\/div>\n\t\t<\/div>\n\t\t\t\t<div class=\"elementor-column elementor-col-33 elementor-top-column elementor-element elementor-element-2c88389\" data-id=\"2c88389\" data-element_type=\"column\">\n\t\t\t<div class=\"elementor-widget-wrap elementor-element-populated\">\n\t\t\t\t\t\t<div class=\"elementor-element elementor-element-563dec6 elementor-position-top elementor-widget elementor-widget-image-box\" data-id=\"563dec6\" data-element_type=\"widget\" data-widget_type=\"image-box.default\">\n\t\t\t\t<div class=\"elementor-widget-container\">\n\t\t\t\t\t<div class=\"elementor-image-box-wrapper\"><figure class=\"elementor-image-box-img\"><img decoding=\"async\" width=\"2560\" height=\"1709\" src=\"https:\/\/ingomaconsultingroup.com\/wp-content\/uploads\/2025\/08\/pexels-divinetechygirl-1181605-scaled.jpg\" class=\"attachment-full size-full wp-image-9109\" alt=\"\" srcset=\"https:\/\/ingomaconsultingroup.com\/wp-content\/uploads\/2025\/08\/pexels-divinetechygirl-1181605-scaled.jpg 2560w, https:\/\/ingomaconsultingroup.com\/wp-content\/uploads\/2025\/08\/pexels-divinetechygirl-1181605-300x200.jpg 300w, https:\/\/ingomaconsultingroup.com\/wp-content\/uploads\/2025\/08\/pexels-divinetechygirl-1181605-1024x684.jpg 1024w, https:\/\/ingomaconsultingroup.com\/wp-content\/uploads\/2025\/08\/pexels-divinetechygirl-1181605-768x513.jpg 768w, https:\/\/ingomaconsultingroup.com\/wp-content\/uploads\/2025\/08\/pexels-divinetechygirl-1181605-1536x1025.jpg 1536w, https:\/\/ingomaconsultingroup.com\/wp-content\/uploads\/2025\/08\/pexels-divinetechygirl-1181605-2048x1367.jpg 2048w, https:\/\/ingomaconsultingroup.com\/wp-content\/uploads\/2025\/08\/pexels-divinetechygirl-1181605-600x401.jpg 600w\" sizes=\"(max-width: 2560px) 100vw, 2560px\" \/><\/figure><div class=\"elementor-image-box-content\"><h3 class=\"elementor-image-box-title\">Communication and conflict management workshops<\/h3><p class=\"elementor-image-box-description\">Give your teams the keys to calm and effective communication<\/p><\/div><\/div>\t\t\t\t<\/div>\n\t\t\t\t<\/div>\n\t\t\t\t\t<\/div>\n\t\t<\/div>\n\t\t\t\t<div class=\"elementor-column elementor-col-33 elementor-top-column elementor-element elementor-element-77ce1d70\" data-id=\"77ce1d70\" data-element_type=\"column\">\n\t\t\t<div class=\"elementor-widget-wrap elementor-element-populated\">\n\t\t\t\t\t\t<div class=\"elementor-element elementor-element-3210dcd3 elementor-position-top elementor-widget elementor-widget-image-box\" data-id=\"3210dcd3\" data-element_type=\"widget\" data-widget_type=\"image-box.default\">\n\t\t\t\t<div class=\"elementor-widget-container\">\n\t\t\t\t\t<div class=\"elementor-image-box-wrapper\"><figure class=\"elementor-image-box-img\"><img decoding=\"async\" width=\"2560\" height=\"1359\" src=\"https:\/\/ingomaconsultingroup.com\/wp-content\/uploads\/2025\/08\/pexels-pixabay-207896-scaled.jpg\" class=\"attachment-full size-full wp-image-9114\" alt=\"\" srcset=\"https:\/\/ingomaconsultingroup.com\/wp-content\/uploads\/2025\/08\/pexels-pixabay-207896-scaled.jpg 2560w, https:\/\/ingomaconsultingroup.com\/wp-content\/uploads\/2025\/08\/pexels-pixabay-207896-300x159.jpg 300w, https:\/\/ingomaconsultingroup.com\/wp-content\/uploads\/2025\/08\/pexels-pixabay-207896-1024x543.jpg 1024w, https:\/\/ingomaconsultingroup.com\/wp-content\/uploads\/2025\/08\/pexels-pixabay-207896-768x408.jpg 768w, https:\/\/ingomaconsultingroup.com\/wp-content\/uploads\/2025\/08\/pexels-pixabay-207896-1536x815.jpg 1536w, https:\/\/ingomaconsultingroup.com\/wp-content\/uploads\/2025\/08\/pexels-pixabay-207896-2048x1087.jpg 2048w, https:\/\/ingomaconsultingroup.com\/wp-content\/uploads\/2025\/08\/pexels-pixabay-207896-600x318.jpg 600w\" sizes=\"(max-width: 2560px) 100vw, 2560px\" \/><\/figure><div class=\"elementor-image-box-content\"><h3 class=\"elementor-image-box-title\">Activit\u00e9s de team building<\/h3><p class=\"elementor-image-box-description\">Give your team unforgettable experiences.<\/p><\/div><\/div>\t\t\t\t<\/div>\n\t\t\t\t<\/div>\n\t\t\t\t\t<\/div>\n\t\t<\/div>\n\t\t\t\t\t<\/div>\n\t\t<\/section>\n\t\t<div class=\"elementor-element elementor-element-66e0b68 e-flex e-con-boxed e-con e-parent\" data-id=\"66e0b68\" data-element_type=\"container\">\n\t\t\t\t\t<div class=\"e-con-inner\">\n\t\t\t\t<div class=\"elementor-element elementor-element-86ba82a elementor-widget elementor-widget-spacer\" data-id=\"86ba82a\" data-element_type=\"widget\" data-widget_type=\"spacer.default\">\n\t\t\t\t<div class=\"elementor-widget-container\">\n\t\t\t\t\t\t\t<div class=\"elementor-spacer\">\n\t\t\t<div class=\"elementor-spacer-inner\"><\/div>\n\t\t<\/div>\n\t\t\t\t\t\t<\/div>\n\t\t\t\t<\/div>\n\t\t\t\t\t<\/div>\n\t\t\t\t<\/div>\n\t\t\t\t<section class=\"elementor-section elementor-top-section elementor-element elementor-element-60b923da elementor-section-stretched elementor-section-height-min-height elementor-section-boxed elementor-section-height-default elementor-section-items-middle\" data-id=\"60b923da\" data-element_type=\"section\" data-settings=\"{&quot;stretch_section&quot;:&quot;section-stretched&quot;,&quot;background_background&quot;:&quot;classic&quot;}\">\n\t\t\t\t\t\t<div class=\"elementor-container elementor-column-gap-extended\">\n\t\t\t\t\t<div class=\"elementor-column elementor-col-100 elementor-top-column elementor-element elementor-element-6278922e\" data-id=\"6278922e\" data-element_type=\"column\">\n\t\t\t<div class=\"elementor-widget-wrap elementor-element-populated\">\n\t\t\t\t\t\t<div class=\"elementor-element elementor-element-5dc50357 elementor-widget elementor-widget-heading\" data-id=\"5dc50357\" data-element_type=\"widget\" data-widget_type=\"heading.default\">\n\t\t\t\t<div class=\"elementor-widget-container\">\n\t\t\t\t\t<h2 class=\"elementor-heading-title elementor-size-default\">Looking for a unique, tailor-made training or team building activity?<\/h2>\t\t\t\t<\/div>\n\t\t\t\t<\/div>\n\t\t\t\t<div class=\"elementor-element elementor-element-364795eb elementor-align-center elementor-widget elementor-widget-button\" data-id=\"364795eb\" data-element_type=\"widget\" data-widget_type=\"button.default\">\n\t\t\t\t<div class=\"elementor-widget-container\">\n\t\t\t\t\t\t\t\t\t<div class=\"elementor-button-wrapper\">\n\t\t\t\t\t<a class=\"elementor-button elementor-button-link elementor-size-sm\" href=\"\/en\/contact\/\">\n\t\t\t\t\t\t<span class=\"elementor-button-content-wrapper\">\n\t\t\t\t\t\t\t\t\t<span class=\"elementor-button-text\">Contact Us<\/span>\n\t\t\t\t\t<\/span>\n\t\t\t\t\t<\/a>\n\t\t\t\t<\/div>\n\t\t\t\t\t\t\t\t<\/div>\n\t\t\t\t<\/div>\n\t\t\t\t\t<\/div>\n\t\t<\/div>\n\t\t\t\t\t<\/div>\n\t\t<\/section>\n\t\t\t\t<\/div>","protected":false},"excerpt":{"rendered":"<p>D\u00e9couvrez nos formations et activit\u00e9s de team building Formations et Renforcement des capacit\u00e9s Renforcez les comp\u00e9tences de vos employees avec nos sessions. Ateliers de communication et gestion des conflits Offrez \u00e0 vos \u00e9quipes les cl\u00e9s d\u2019une communication apais\u00e9e et efficace. Activit\u00e9s de team building Faites vivre \u00e0 votre \u00e9quipe des exp\u00e9riences inoubliables. Envie d\u2019une formation [&hellip;]<\/p>","protected":false},"author":1,"featured_media":0,"parent":0,"menu_order":0,"comment_status":"closed","ping_status":"closed","template":"","meta":{"pagelayer_contact_templates":[],"_pagelayer_content":"","footnotes":""},"class_list":["post-8817","page","type-page","status-publish","hentry"],"_links":{"self":[{"href":"https:\/\/ingomaconsultingroup.com\/en\/wp-json\/wp\/v2\/pages\/8817","targetHints":{"allow":["GET"]}}],"collection":[{"href":"https:\/\/ingomaconsultingroup.com\/en\/wp-json\/wp\/v2\/pages"}],"about":[{"href":"https:\/\/ingomaconsultingroup.com\/en\/wp-json\/wp\/v2\/types\/page"}],"author":[{"embeddable":true,"href":"https:\/\/ingomaconsultingroup.com\/en\/wp-json\/wp\/v2\/users\/1"}],"replies":[{"embeddable":true,"href":"https:\/\/ingomaconsultingroup.com\/en\/wp-json\/wp\/v2\/comments?post=8817"}],"version-history":[{"count":83,"href":"https:\/\/ingomaconsultingroup.com\/en\/wp-json\/wp\/v2\/pages\/8817\/revisions"}],"predecessor-version":[{"id":9600,"href":"https:\/\/ingomaconsultingroup.com\/en\/wp-json\/wp\/v2\/pages\/8817\/revisions\/9600"}],"wp:attachment":[{"href":"https:\/\/ingomaconsultingroup.com\/en\/wp-json\/wp\/v2\/media?parent=8817"}],"curies":[{"name":"wp","href":"https:\/\/api.w.org\/{rel}","templated":true}]}}