{"id":9213,"date":"2025-10-02T06:27:16","date_gmt":"2025-10-02T06:27:16","guid":{"rendered":"https:\/\/ingomaconsultingroup.com\/?page_id=9213"},"modified":"2026-01-30T13:54:23","modified_gmt":"2026-01-30T13:54:23","slug":"placement","status":"publish","type":"page","link":"https:\/\/ingomaconsultingroup.com\/en\/placement\/","title":{"rendered":"Placement"},"content":{"rendered":"<div data-elementor-type=\"wp-page\" data-elementor-id=\"9213\" class=\"elementor elementor-9213\">\n\t\t\t\t<div class=\"elementor-element elementor-element-dae2c4e e-flex e-con-boxed e-con e-parent\" data-id=\"dae2c4e\" data-element_type=\"container\">\n\t\t\t\t\t<div class=\"e-con-inner\">\n\t\t\t\t<div class=\"elementor-element elementor-element-b7f25ac elementor-widget elementor-widget-spacer\" data-id=\"b7f25ac\" data-element_type=\"widget\" data-widget_type=\"spacer.default\">\n\t\t\t\t<div class=\"elementor-widget-container\">\n\t\t\t\t\t\t\t<div class=\"elementor-spacer\">\n\t\t\t<div class=\"elementor-spacer-inner\"><\/div>\n\t\t<\/div>\n\t\t\t\t\t\t<\/div>\n\t\t\t\t<\/div>\n\t\t\t\t\t<\/div>\n\t\t\t\t<\/div>\n\t\t\t\t<section class=\"elementor-section elementor-top-section elementor-element elementor-element-49b468a1 elementor-section-stretched elementor-section-content-middle elementor-section-boxed elementor-section-height-default elementor-section-height-default elementor-invisible\" data-id=\"49b468a1\" data-element_type=\"section\" data-settings=\"{&quot;stretch_section&quot;:&quot;section-stretched&quot;,&quot;animation&quot;:&quot;slide-up&quot;}\">\n\t\t\t\t\t\t<div class=\"elementor-container elementor-column-gap-extended\">\n\t\t\t\t\t<div class=\"elementor-column elementor-col-50 elementor-top-column elementor-element elementor-element-4cdf677b\" data-id=\"4cdf677b\" data-element_type=\"column\">\n\t\t\t<div class=\"elementor-widget-wrap elementor-element-populated\">\n\t\t\t\t\t\t<div class=\"elementor-element elementor-element-6c15566a elementor-widget elementor-widget-heading\" data-id=\"6c15566a\" data-element_type=\"widget\" data-widget_type=\"heading.default\">\n\t\t\t\t<div class=\"elementor-widget-container\">\n\t\t\t\t\t<h2 class=\"elementor-heading-title elementor-size-default\">Our Investment Model<\/h2>\t\t\t\t<\/div>\n\t\t\t\t<\/div>\n\t\t\t\t<div class=\"elementor-element elementor-element-142394ae elementor-widget elementor-widget-text-editor\" data-id=\"142394ae\" data-element_type=\"widget\" data-widget_type=\"text-editor.default\">\n\t\t\t\t<div class=\"elementor-widget-container\">\n\t\t\t\t\t\t\t\t\t<p>This model offers increased flexibility to businesses while ensuring employee safety. This allows for the optimization of human resources and rapid response to market needs.<\/p>\t\t\t\t\t\t\t\t<\/div>\n\t\t\t\t<\/div>\n\t\t\t\t<div class=\"elementor-element elementor-element-193ee28 elementor-widget elementor-widget-apus_element_features_box\" data-id=\"193ee28\" data-element_type=\"widget\" data-widget_type=\"apus_element_features_box.default\">\n\t\t\t\t<div class=\"elementor-widget-container\">\n\t\t\t\t\t            <div class=\"widget-features-box\">\n                                    <div class=\"slick-carousel\" data-items=\"2\" data-smallmedium=\"2\" data-extrasmall=\"1\" data-pagination=\"false\" data-nav=\"true\">\n                                                    <div class=\"item\">\n                                <div class=\"item-inner\">\n                                    <div class=\"top-inner\">\n                                                                                <\/div><div class=\"features-box-content\"><h3 class=\"title\">Increased flexibility<\/h3><div class=\"description\">We help businesses adapt quickly to fluctuations in the labor market.<\/div><\/div>\n                                <\/div>\n                            <\/div>\n                                                    <div class=\"item\">\n                                <div class=\"item-inner\">\n                                    <div class=\"top-inner\">\n                                                                                <\/div><div class=\"features-box-content\"><h3 class=\"title\">Employee Safety<\/h3><div class=\"description\">We help employees access legal protection and benefits.<\/div><\/div>\n                                <\/div>\n                            <\/div>\n                                            <\/div>\n                            <\/div>\n            \t\t\t\t<\/div>\n\t\t\t\t<\/div>\n\t\t\t\t<div class=\"elementor-element elementor-element-618081c5 elementor-widget elementor-widget-button\" data-id=\"618081c5\" data-element_type=\"widget\" data-widget_type=\"button.default\">\n\t\t\t\t<div class=\"elementor-widget-container\">\n\t\t\t\t\t\t\t\t\t<div class=\"elementor-button-wrapper\">\n\t\t\t\t\t<a class=\"elementor-button elementor-button-link elementor-size-md\" href=\"\/en\/contact\/\">\n\t\t\t\t\t\t<span class=\"elementor-button-content-wrapper\">\n\t\t\t\t\t\t\t\t\t<span class=\"elementor-button-text\">Learn More<\/span>\n\t\t\t\t\t<\/span>\n\t\t\t\t\t<\/a>\n\t\t\t\t<\/div>\n\t\t\t\t\t\t\t\t<\/div>\n\t\t\t\t<\/div>\n\t\t\t\t\t<\/div>\n\t\t<\/div>\n\t\t\t\t<div class=\"elementor-column elementor-col-50 elementor-top-column elementor-element elementor-element-b28e95c\" data-id=\"b28e95c\" data-element_type=\"column\">\n\t\t\t<div class=\"elementor-widget-wrap elementor-element-populated\">\n\t\t\t\t\t\t<div class=\"elementor-element elementor-element-4707d9fc elementor-widget elementor-widget-image\" data-id=\"4707d9fc\" data-element_type=\"widget\" data-widget_type=\"image.default\">\n\t\t\t\t<div class=\"elementor-widget-container\">\n\t\t\t\t\t\t\t\t\t\t\t\t\t\t\t<img fetchpriority=\"high\" decoding=\"async\" width=\"2560\" height=\"1440\" src=\"https:\/\/ingomaconsultingroup.com\/wp-content\/uploads\/2025\/10\/Placement-image-scaled.jpg\" class=\"attachment-full size-full wp-image-9523\" alt=\"\" srcset=\"https:\/\/ingomaconsultingroup.com\/wp-content\/uploads\/2025\/10\/Placement-image-scaled.jpg 2560w, https:\/\/ingomaconsultingroup.com\/wp-content\/uploads\/2025\/10\/Placement-image-300x169.jpg 300w, https:\/\/ingomaconsultingroup.com\/wp-content\/uploads\/2025\/10\/Placement-image-1024x576.jpg 1024w, https:\/\/ingomaconsultingroup.com\/wp-content\/uploads\/2025\/10\/Placement-image-768x432.jpg 768w, https:\/\/ingomaconsultingroup.com\/wp-content\/uploads\/2025\/10\/Placement-image-1536x864.jpg 1536w, https:\/\/ingomaconsultingroup.com\/wp-content\/uploads\/2025\/10\/Placement-image-2048x1152.jpg 2048w, https:\/\/ingomaconsultingroup.com\/wp-content\/uploads\/2025\/10\/Placement-image-18x10.jpg 18w, https:\/\/ingomaconsultingroup.com\/wp-content\/uploads\/2025\/10\/Placement-image-600x338.jpg 600w\" sizes=\"(max-width: 2560px) 100vw, 2560px\" \/>\t\t\t\t\t\t\t\t\t\t\t\t\t\t\t<\/div>\n\t\t\t\t<\/div>\n\t\t\t\t\t<\/div>\n\t\t<\/div>\n\t\t\t\t\t<\/div>\n\t\t<\/section>\n\t\t<div class=\"elementor-element elementor-element-0d5b5b3 e-flex e-con-boxed e-con e-parent\" data-id=\"0d5b5b3\" data-element_type=\"container\">\n\t\t\t\t\t<div class=\"e-con-inner\">\n\t\t\t\t<div class=\"elementor-element elementor-element-63931bd elementor-widget elementor-widget-image\" data-id=\"63931bd\" data-element_type=\"widget\" data-widget_type=\"image.default\">\n\t\t\t\t<div class=\"elementor-widget-container\">\n\t\t\t\t\t\t\t\t\t\t\t\t\t\t\t<img decoding=\"async\" width=\"660\" height=\"495\" src=\"https:\/\/ingomaconsultingroup.com\/wp-content\/uploads\/2026\/01\/00.jpg-1024x768.jpeg\" class=\"attachment-large size-large wp-image-9613\" alt=\"\" srcset=\"https:\/\/ingomaconsultingroup.com\/wp-content\/uploads\/2026\/01\/00.jpg-1024x768.jpeg 1024w, https:\/\/ingomaconsultingroup.com\/wp-content\/uploads\/2026\/01\/00.jpg-300x225.jpeg 300w, https:\/\/ingomaconsultingroup.com\/wp-content\/uploads\/2026\/01\/00.jpg-768x576.jpeg 768w, https:\/\/ingomaconsultingroup.com\/wp-content\/uploads\/2026\/01\/00.jpg-1536x1152.jpeg 1536w, https:\/\/ingomaconsultingroup.com\/wp-content\/uploads\/2026\/01\/00.jpg-2048x1536.jpeg 2048w, https:\/\/ingomaconsultingroup.com\/wp-content\/uploads\/2026\/01\/00.jpg-16x12.jpeg 16w, https:\/\/ingomaconsultingroup.com\/wp-content\/uploads\/2026\/01\/00.jpg-600x450.jpeg 600w\" sizes=\"(max-width: 660px) 100vw, 660px\" \/>\t\t\t\t\t\t\t\t\t\t\t\t\t\t\t<\/div>\n\t\t\t\t<\/div>\n\t\t\t\t\t<\/div>\n\t\t\t\t<\/div>\n\t\t\t\t<\/div>","protected":false},"excerpt":{"rendered":"<p>Notre Mod\u00e8le de Placement Ce mod\u00e8le offre une flexibilit\u00e9 accrue aux entreprises tout en garantissant la s\u00e9curit\u00e9 des employ\u00e9s. Cela permet d&rsquo;optimiser les ressources humaines et de r\u00e9pondre rapidement aux besoins du march\u00e9. Flexibilit\u00e9 accrue Nos aidons les entreprises de s&rsquo;adapter rapidement aux fluctuations du march\u00e9 du travail. S\u00e9curit\u00e9 des employ\u00e9s Nous aidons les employ\u00e9s [&hellip;]<\/p>","protected":false},"author":1,"featured_media":0,"parent":0,"menu_order":0,"comment_status":"closed","ping_status":"closed","template":"","meta":{"pagelayer_contact_templates":[],"_pagelayer_content":"","footnotes":""},"class_list":["post-9213","page","type-page","status-publish","hentry"],"_links":{"self":[{"href":"https:\/\/ingomaconsultingroup.com\/en\/wp-json\/wp\/v2\/pages\/9213","targetHints":{"allow":["GET"]}}],"collection":[{"href":"https:\/\/ingomaconsultingroup.com\/en\/wp-json\/wp\/v2\/pages"}],"about":[{"href":"https:\/\/ingomaconsultingroup.com\/en\/wp-json\/wp\/v2\/types\/page"}],"author":[{"embeddable":true,"href":"https:\/\/ingomaconsultingroup.com\/en\/wp-json\/wp\/v2\/users\/1"}],"replies":[{"embeddable":true,"href":"https:\/\/ingomaconsultingroup.com\/en\/wp-json\/wp\/v2\/comments?post=9213"}],"version-history":[{"count":67,"href":"https:\/\/ingomaconsultingroup.com\/en\/wp-json\/wp\/v2\/pages\/9213\/revisions"}],"predecessor-version":[{"id":9616,"href":"https:\/\/ingomaconsultingroup.com\/en\/wp-json\/wp\/v2\/pages\/9213\/revisions\/9616"}],"wp:attachment":[{"href":"https:\/\/ingomaconsultingroup.com\/en\/wp-json\/wp\/v2\/media?parent=9213"}],"curies":[{"name":"wp","href":"https:\/\/api.w.org\/{rel}","templated":true}]}}